{"id":8,"date":"2023-12-22T21:00:39","date_gmt":"2023-12-23T00:00:39","guid":{"rendered":"https:\/\/rose.metadigitalstar.com.br\/?page_id=8"},"modified":"2023-12-23T18:06:10","modified_gmt":"2023-12-23T21:06:10","slug":"elementor-8","status":"publish","type":"page","link":"https:\/\/rose.metadigitalstar.com.br\/","title":{"rendered":"menu"},"content":{"rendered":"\t\t<div data-elementor-type=\"wp-post\" data-elementor-id=\"8\" class=\"elementor elementor-8\">\n\t\t\t\t\t\t\t<div class=\"elementor-element elementor-element-241954be e-flex e-con-boxed e-con e-parent\" data-id=\"241954be\" data-element_type=\"container\" data-settings=\"{&quot;background_background&quot;:&quot;classic&quot;,&quot;content_width&quot;:&quot;boxed&quot;}\" data-core-v316-plus=\"true\">\n\t\t\t\t\t<div class=\"e-con-inner\">\n\t\t<div class=\"elementor-element elementor-element-371bc76a e-con-full e-flex e-con e-child\" data-id=\"371bc76a\" data-element_type=\"container\" data-settings=\"{&quot;content_width&quot;:&quot;full&quot;}\">\n\t\t\t\t<\/div>\n\t\t<div class=\"elementor-element elementor-element-3c3fe554 e-con-full e-flex e-con e-child\" data-id=\"3c3fe554\" data-element_type=\"container\" data-settings=\"{&quot;content_width&quot;:&quot;full&quot;}\">\n\t\t\t\t<div class=\"elementor-element elementor-element-739e1f9d elementor-widget__width-initial elementor-widget-mobile__width-initial elementor-widget elementor-widget-image\" data-id=\"739e1f9d\" data-element_type=\"widget\" data-widget_type=\"image.default\">\n\t\t\t\t<div class=\"elementor-widget-container\">\n\t\t\t<style>\/*! elementor - v3.18.0 - 20-12-2023 *\/\n.elementor-widget-image{text-align:center}.elementor-widget-image a{display:inline-block}.elementor-widget-image a img[src$=\".svg\"]{width:48px}.elementor-widget-image img{vertical-align:middle;display:inline-block}<\/style>\t\t\t\t\t\t\t\t\t\t\t\t<img decoding=\"async\" src=\"https:\/\/rose.metadigitalstar.com.br\/wp-content\/uploads\/2023\/12\/Professional-Profile-Photo-Instagram-Post-4-1.webp\" title=\"Professional Profile Photo Instagram Post (4)\" alt=\"Professional Profile Photo Instagram Post (4)\" loading=\"lazy\" \/>\t\t\t\t\t\t\t\t\t\t\t\t\t\t\t<\/div>\n\t\t\t\t<\/div>\n\t\t\t\t<div class=\"elementor-element elementor-element-2fa5d3d9 elementor-widget elementor-widget-heading\" data-id=\"2fa5d3d9\" data-element_type=\"widget\" data-widget_type=\"heading.default\">\n\t\t\t\t<div class=\"elementor-widget-container\">\n\t\t\t<style>\/*! elementor - v3.18.0 - 20-12-2023 *\/\n.elementor-heading-title{padding:0;margin:0;line-height:1}.elementor-widget-heading .elementor-heading-title[class*=elementor-size-]>a{color:inherit;font-size:inherit;line-height:inherit}.elementor-widget-heading .elementor-heading-title.elementor-size-small{font-size:15px}.elementor-widget-heading .elementor-heading-title.elementor-size-medium{font-size:19px}.elementor-widget-heading .elementor-heading-title.elementor-size-large{font-size:29px}.elementor-widget-heading .elementor-heading-title.elementor-size-xl{font-size:39px}.elementor-widget-heading .elementor-heading-title.elementor-size-xxl{font-size:59px}<\/style><h2 class=\"elementor-heading-title elementor-size-default\">Rose Almeida<\/h2>\t\t<\/div>\n\t\t\t\t<\/div>\n\t\t\t\t<div class=\"elementor-element elementor-element-a94d825 elementor-widget elementor-widget-image\" data-id=\"a94d825\" data-element_type=\"widget\" data-widget_type=\"image.default\">\n\t\t\t\t<div class=\"elementor-widget-container\">\n\t\t\t\t\t\t\t\t\t\t\t\t\t\t\t\t<a href=\"https:\/\/api.whatsapp.com\/send?phone=5511947914563&#038;text=Ol\u00e1!%20Gostaria%20de%20mais%20informa\u00e7\u00f5es%20sobre%20a%20Mentoria\">\n\t\t\t\t\t\t\t<img fetchpriority=\"high\" decoding=\"async\" width=\"739\" height=\"399\" src=\"https:\/\/rose.metadigitalstar.com.br\/wp-content\/uploads\/2023\/12\/menu-Rose.webp\" class=\"attachment-large size-large wp-image-80\" alt=\"\" srcset=\"https:\/\/rose.metadigitalstar.com.br\/wp-content\/uploads\/2023\/12\/menu-Rose.webp 739w, https:\/\/rose.metadigitalstar.com.br\/wp-content\/uploads\/2023\/12\/menu-Rose-300x162.webp 300w\" sizes=\"(max-width: 739px) 100vw, 739px\" \/>\t\t\t\t\t\t\t\t<\/a>\n\t\t\t\t\t\t\t\t\t\t\t\t\t\t\t<\/div>\n\t\t\t\t<\/div>\n\t\t\t\t<div class=\"elementor-element elementor-element-45568ffd elementor-widget elementor-widget-image\" data-id=\"45568ffd\" data-element_type=\"widget\" data-widget_type=\"image.default\">\n\t\t\t\t<div class=\"elementor-widget-container\">\n\t\t\t\t\t\t\t\t\t\t\t\t\t\t\t\t<a href=\"https:\/\/api.whatsapp.com\/send?phone=5511947914563&#038;text=Ol\u00e1!%20Gostaria%20de%20adquirir%20seu%20Livro%20Prop\u00f3sito.\">\n\t\t\t\t\t\t\t<img decoding=\"async\" width=\"739\" height=\"399\" src=\"https:\/\/rose.metadigitalstar.com.br\/wp-content\/uploads\/2023\/12\/menu-Rose-7.webp\" class=\"attachment-large size-large wp-image-79\" alt=\"\" srcset=\"https:\/\/rose.metadigitalstar.com.br\/wp-content\/uploads\/2023\/12\/menu-Rose-7.webp 739w, https:\/\/rose.metadigitalstar.com.br\/wp-content\/uploads\/2023\/12\/menu-Rose-7-300x162.webp 300w\" sizes=\"(max-width: 739px) 100vw, 739px\" \/>\t\t\t\t\t\t\t\t<\/a>\n\t\t\t\t\t\t\t\t\t\t\t\t\t\t\t<\/div>\n\t\t\t\t<\/div>\n\t\t\t\t<div class=\"elementor-element elementor-element-7140e5a1 elementor-widget elementor-widget-image\" data-id=\"7140e5a1\" data-element_type=\"widget\" data-widget_type=\"image.default\">\n\t\t\t\t<div class=\"elementor-widget-container\">\n\t\t\t\t\t\t\t\t\t\t\t\t\t\t\t\t<a href=\"https:\/\/api.whatsapp.com\/send?phone=5511947914563&#038;text=Ol\u00e1!%20Gostaria%20de%20saber%20mais%20sobre%20Perfil%20Comportamental.\">\n\t\t\t\t\t\t\t<img decoding=\"async\" width=\"739\" height=\"399\" src=\"https:\/\/rose.metadigitalstar.com.br\/wp-content\/uploads\/2023\/12\/menu-Rose-1.webp\" class=\"attachment-large size-large wp-image-81\" alt=\"\" srcset=\"https:\/\/rose.metadigitalstar.com.br\/wp-content\/uploads\/2023\/12\/menu-Rose-1.webp 739w, https:\/\/rose.metadigitalstar.com.br\/wp-content\/uploads\/2023\/12\/menu-Rose-1-300x162.webp 300w\" sizes=\"(max-width: 739px) 100vw, 739px\" \/>\t\t\t\t\t\t\t\t<\/a>\n\t\t\t\t\t\t\t\t\t\t\t\t\t\t\t<\/div>\n\t\t\t\t<\/div>\n\t\t\t\t<div class=\"elementor-element elementor-element-1b029511 elementor-widget elementor-widget-image\" data-id=\"1b029511\" data-element_type=\"widget\" data-widget_type=\"image.default\">\n\t\t\t\t<div class=\"elementor-widget-container\">\n\t\t\t\t\t\t\t\t\t\t\t\t\t\t\t\t<a href=\"https:\/\/api.whatsapp.com\/send?phone=5511947914563&#038;text=Ol\u00e1!%20Gostaria%20de%20adquirir%20seu%20Livro%20C\u00f3digos%20do%20Reino\">\n\t\t\t\t\t\t\t<img loading=\"lazy\" decoding=\"async\" width=\"739\" height=\"399\" src=\"https:\/\/rose.metadigitalstar.com.br\/wp-content\/uploads\/2023\/12\/menu-Rose-2.webp\" class=\"attachment-large size-large wp-image-82\" alt=\"\" srcset=\"https:\/\/rose.metadigitalstar.com.br\/wp-content\/uploads\/2023\/12\/menu-Rose-2.webp 739w, https:\/\/rose.metadigitalstar.com.br\/wp-content\/uploads\/2023\/12\/menu-Rose-2-300x162.webp 300w\" sizes=\"(max-width: 739px) 100vw, 739px\" \/>\t\t\t\t\t\t\t\t<\/a>\n\t\t\t\t\t\t\t\t\t\t\t\t\t\t\t<\/div>\n\t\t\t\t<\/div>\n\t\t\t\t<div class=\"elementor-element elementor-element-338fa3e3 elementor-widget elementor-widget-image\" data-id=\"338fa3e3\" data-element_type=\"widget\" data-widget_type=\"image.default\">\n\t\t\t\t<div class=\"elementor-widget-container\">\n\t\t\t\t\t\t\t\t\t\t\t\t\t\t\t\t<a href=\"https:\/\/api.whatsapp.com\/send?phone=5511947914563&#038;text=Ol\u00e1!%20Gostaria%20de%20adquirir%20seu%20Livro%20Mulheres%20que%20Prosperam\">\n\t\t\t\t\t\t\t<img loading=\"lazy\" decoding=\"async\" width=\"739\" height=\"399\" src=\"https:\/\/rose.metadigitalstar.com.br\/wp-content\/uploads\/2023\/12\/menu-Rose-5.webp\" class=\"attachment-large size-large wp-image-78\" alt=\"\" srcset=\"https:\/\/rose.metadigitalstar.com.br\/wp-content\/uploads\/2023\/12\/menu-Rose-5.webp 739w, https:\/\/rose.metadigitalstar.com.br\/wp-content\/uploads\/2023\/12\/menu-Rose-5-300x162.webp 300w\" sizes=\"(max-width: 739px) 100vw, 739px\" \/>\t\t\t\t\t\t\t\t<\/a>\n\t\t\t\t\t\t\t\t\t\t\t\t\t\t\t<\/div>\n\t\t\t\t<\/div>\n\t\t\t\t<div class=\"elementor-element elementor-element-3a482dd elementor-widget elementor-widget-image\" data-id=\"3a482dd\" data-element_type=\"widget\" data-widget_type=\"image.default\">\n\t\t\t\t<div class=\"elementor-widget-container\">\n\t\t\t\t\t\t\t\t\t\t\t\t\t\t\t\t<a href=\"https:\/\/www.instagram.com\/decisivacont\">\n\t\t\t\t\t\t\t<img loading=\"lazy\" decoding=\"async\" width=\"739\" height=\"399\" src=\"https:\/\/rose.metadigitalstar.com.br\/wp-content\/uploads\/2023\/12\/decisiva-contabilidade.webp\" class=\"attachment-large size-large wp-image-162\" alt=\"\" srcset=\"https:\/\/rose.metadigitalstar.com.br\/wp-content\/uploads\/2023\/12\/decisiva-contabilidade.webp 739w, https:\/\/rose.metadigitalstar.com.br\/wp-content\/uploads\/2023\/12\/decisiva-contabilidade-300x162.webp 300w\" sizes=\"(max-width: 739px) 100vw, 739px\" \/>\t\t\t\t\t\t\t\t<\/a>\n\t\t\t\t\t\t\t\t\t\t\t\t\t\t\t<\/div>\n\t\t\t\t<\/div>\n\t\t\t\t<div class=\"elementor-element elementor-element-c15ef1d elementor-widget elementor-widget-image\" data-id=\"c15ef1d\" data-element_type=\"widget\" data-widget_type=\"image.default\">\n\t\t\t\t<div class=\"elementor-widget-container\">\n\t\t\t\t\t\t\t\t\t\t\t\t\t\t\t\t<a href=\"https:\/\/ds2consultoria.com.br\/\">\n\t\t\t\t\t\t\t<img loading=\"lazy\" decoding=\"async\" width=\"739\" height=\"399\" src=\"https:\/\/rose.metadigitalstar.com.br\/wp-content\/uploads\/2023\/12\/ds2-consultoria.webp\" class=\"attachment-large size-large wp-image-161\" alt=\"\" srcset=\"https:\/\/rose.metadigitalstar.com.br\/wp-content\/uploads\/2023\/12\/ds2-consultoria.webp 739w, https:\/\/rose.metadigitalstar.com.br\/wp-content\/uploads\/2023\/12\/ds2-consultoria-300x162.webp 300w\" sizes=\"(max-width: 739px) 100vw, 739px\" \/>\t\t\t\t\t\t\t\t<\/a>\n\t\t\t\t\t\t\t\t\t\t\t\t\t\t\t<\/div>\n\t\t\t\t<\/div>\n\t\t\t\t<div class=\"elementor-element elementor-element-2b85733 elementor-shape-circle elementor-grid-0 e-grid-align-center elementor-widget elementor-widget-social-icons\" data-id=\"2b85733\" data-element_type=\"widget\" data-widget_type=\"social-icons.default\">\n\t\t\t\t<div class=\"elementor-widget-container\">\n\t\t\t<style>\/*! elementor - v3.18.0 - 20-12-2023 *\/\n.elementor-widget-social-icons.elementor-grid-0 .elementor-widget-container,.elementor-widget-social-icons.elementor-grid-mobile-0 .elementor-widget-container,.elementor-widget-social-icons.elementor-grid-tablet-0 .elementor-widget-container{line-height:1;font-size:0}.elementor-widget-social-icons:not(.elementor-grid-0):not(.elementor-grid-tablet-0):not(.elementor-grid-mobile-0) .elementor-grid{display:inline-grid}.elementor-widget-social-icons .elementor-grid{grid-column-gap:var(--grid-column-gap,5px);grid-row-gap:var(--grid-row-gap,5px);grid-template-columns:var(--grid-template-columns);justify-content:var(--justify-content,center);justify-items:var(--justify-content,center)}.elementor-icon.elementor-social-icon{font-size:var(--icon-size,25px);line-height:var(--icon-size,25px);width:calc(var(--icon-size, 25px) + 2 * var(--icon-padding, .5em));height:calc(var(--icon-size, 25px) + 2 * var(--icon-padding, .5em))}.elementor-social-icon{--e-social-icon-icon-color:#fff;display:inline-flex;background-color:#69727d;align-items:center;justify-content:center;text-align:center;cursor:pointer}.elementor-social-icon i{color:var(--e-social-icon-icon-color)}.elementor-social-icon svg{fill:var(--e-social-icon-icon-color)}.elementor-social-icon:last-child{margin:0}.elementor-social-icon:hover{opacity:.9;color:#fff}.elementor-social-icon-android{background-color:#a4c639}.elementor-social-icon-apple{background-color:#999}.elementor-social-icon-behance{background-color:#1769ff}.elementor-social-icon-bitbucket{background-color:#205081}.elementor-social-icon-codepen{background-color:#000}.elementor-social-icon-delicious{background-color:#39f}.elementor-social-icon-deviantart{background-color:#05cc47}.elementor-social-icon-digg{background-color:#005be2}.elementor-social-icon-dribbble{background-color:#ea4c89}.elementor-social-icon-elementor{background-color:#d30c5c}.elementor-social-icon-envelope{background-color:#ea4335}.elementor-social-icon-facebook,.elementor-social-icon-facebook-f{background-color:#3b5998}.elementor-social-icon-flickr{background-color:#0063dc}.elementor-social-icon-foursquare{background-color:#2d5be3}.elementor-social-icon-free-code-camp,.elementor-social-icon-freecodecamp{background-color:#006400}.elementor-social-icon-github{background-color:#333}.elementor-social-icon-gitlab{background-color:#e24329}.elementor-social-icon-globe{background-color:#69727d}.elementor-social-icon-google-plus,.elementor-social-icon-google-plus-g{background-color:#dd4b39}.elementor-social-icon-houzz{background-color:#7ac142}.elementor-social-icon-instagram{background-color:#262626}.elementor-social-icon-jsfiddle{background-color:#487aa2}.elementor-social-icon-link{background-color:#818a91}.elementor-social-icon-linkedin,.elementor-social-icon-linkedin-in{background-color:#0077b5}.elementor-social-icon-medium{background-color:#00ab6b}.elementor-social-icon-meetup{background-color:#ec1c40}.elementor-social-icon-mixcloud{background-color:#273a4b}.elementor-social-icon-odnoklassniki{background-color:#f4731c}.elementor-social-icon-pinterest{background-color:#bd081c}.elementor-social-icon-product-hunt{background-color:#da552f}.elementor-social-icon-reddit{background-color:#ff4500}.elementor-social-icon-rss{background-color:#f26522}.elementor-social-icon-shopping-cart{background-color:#4caf50}.elementor-social-icon-skype{background-color:#00aff0}.elementor-social-icon-slideshare{background-color:#0077b5}.elementor-social-icon-snapchat{background-color:#fffc00}.elementor-social-icon-soundcloud{background-color:#f80}.elementor-social-icon-spotify{background-color:#2ebd59}.elementor-social-icon-stack-overflow{background-color:#fe7a15}.elementor-social-icon-steam{background-color:#00adee}.elementor-social-icon-stumbleupon{background-color:#eb4924}.elementor-social-icon-telegram{background-color:#2ca5e0}.elementor-social-icon-thumb-tack{background-color:#1aa1d8}.elementor-social-icon-tripadvisor{background-color:#589442}.elementor-social-icon-tumblr{background-color:#35465c}.elementor-social-icon-twitch{background-color:#6441a5}.elementor-social-icon-twitter{background-color:#1da1f2}.elementor-social-icon-viber{background-color:#665cac}.elementor-social-icon-vimeo{background-color:#1ab7ea}.elementor-social-icon-vk{background-color:#45668e}.elementor-social-icon-weibo{background-color:#dd2430}.elementor-social-icon-weixin{background-color:#31a918}.elementor-social-icon-whatsapp{background-color:#25d366}.elementor-social-icon-wordpress{background-color:#21759b}.elementor-social-icon-xing{background-color:#026466}.elementor-social-icon-yelp{background-color:#af0606}.elementor-social-icon-youtube{background-color:#cd201f}.elementor-social-icon-500px{background-color:#0099e5}.elementor-shape-rounded .elementor-icon.elementor-social-icon{border-radius:10%}.elementor-shape-circle .elementor-icon.elementor-social-icon{border-radius:50%}<\/style>\t\t<div class=\"elementor-social-icons-wrapper elementor-grid\">\n\t\t\t\t\t\t\t<span class=\"elementor-grid-item\">\n\t\t\t\t\t<a class=\"elementor-icon elementor-social-icon elementor-social-icon-facebook elementor-repeater-item-19ba9bc\" href=\"https:\/\/www.facebook.com\/decisivaassessoriacontabil\/\" target=\"_blank\">\n\t\t\t\t\t\t<span class=\"elementor-screen-only\">Facebook<\/span>\n\t\t\t\t\t\t<svg class=\"e-font-icon-svg e-fab-facebook\" viewBox=\"0 0 512 512\" xmlns=\"http:\/\/www.w3.org\/2000\/svg\"><path d=\"M504 256C504 119 393 8 256 8S8 119 8 256c0 123.78 90.69 226.38 209.25 245V327.69h-63V256h63v-54.64c0-62.15 37-96.48 93.67-96.48 27.14 0 55.52 4.84 55.52 4.84v61h-31.28c-30.8 0-40.41 19.12-40.41 38.73V256h68.78l-11 71.69h-57.78V501C413.31 482.38 504 379.78 504 256z\"><\/path><\/svg>\t\t\t\t\t<\/a>\n\t\t\t\t<\/span>\n\t\t\t\t\t\t\t<span class=\"elementor-grid-item\">\n\t\t\t\t\t<a class=\"elementor-icon elementor-social-icon elementor-social-icon-youtube elementor-repeater-item-201c0ca\" href=\"https:\/\/youtube.com\/@decisivacontabil7112?feature=shared\" target=\"_blank\">\n\t\t\t\t\t\t<span class=\"elementor-screen-only\">Youtube<\/span>\n\t\t\t\t\t\t<svg class=\"e-font-icon-svg e-fab-youtube\" viewBox=\"0 0 576 512\" xmlns=\"http:\/\/www.w3.org\/2000\/svg\"><path d=\"M549.655 124.083c-6.281-23.65-24.787-42.276-48.284-48.597C458.781 64 288 64 288 64S117.22 64 74.629 75.486c-23.497 6.322-42.003 24.947-48.284 48.597-11.412 42.867-11.412 132.305-11.412 132.305s0 89.438 11.412 132.305c6.281 23.65 24.787 41.5 48.284 47.821C117.22 448 288 448 288 448s170.78 0 213.371-11.486c23.497-6.321 42.003-24.171 48.284-47.821 11.412-42.867 11.412-132.305 11.412-132.305s0-89.438-11.412-132.305zm-317.51 213.508V175.185l142.739 81.205-142.739 81.201z\"><\/path><\/svg>\t\t\t\t\t<\/a>\n\t\t\t\t<\/span>\n\t\t\t\t\t\t\t<span class=\"elementor-grid-item\">\n\t\t\t\t\t<a class=\"elementor-icon elementor-social-icon elementor-social-icon-instagram elementor-repeater-item-2cb6a1f\" href=\"https:\/\/instagram.com\/rosealmeida_ofc\" target=\"_blank\">\n\t\t\t\t\t\t<span class=\"elementor-screen-only\">Instagram<\/span>\n\t\t\t\t\t\t<svg class=\"e-font-icon-svg e-fab-instagram\" viewBox=\"0 0 448 512\" xmlns=\"http:\/\/www.w3.org\/2000\/svg\"><path d=\"M224.1 141c-63.6 0-114.9 51.3-114.9 114.9s51.3 114.9 114.9 114.9S339 319.5 339 255.9 287.7 141 224.1 141zm0 189.6c-41.1 0-74.7-33.5-74.7-74.7s33.5-74.7 74.7-74.7 74.7 33.5 74.7 74.7-33.6 74.7-74.7 74.7zm146.4-194.3c0 14.9-12 26.8-26.8 26.8-14.9 0-26.8-12-26.8-26.8s12-26.8 26.8-26.8 26.8 12 26.8 26.8zm76.1 27.2c-1.7-35.9-9.9-67.7-36.2-93.9-26.2-26.2-58-34.4-93.9-36.2-37-2.1-147.9-2.1-184.9 0-35.8 1.7-67.6 9.9-93.9 36.1s-34.4 58-36.2 93.9c-2.1 37-2.1 147.9 0 184.9 1.7 35.9 9.9 67.7 36.2 93.9s58 34.4 93.9 36.2c37 2.1 147.9 2.1 184.9 0 35.9-1.7 67.7-9.9 93.9-36.2 26.2-26.2 34.4-58 36.2-93.9 2.1-37 2.1-147.8 0-184.8zM398.8 388c-7.8 19.6-22.9 34.7-42.6 42.6-29.5 11.7-99.5 9-132.1 9s-102.7 2.6-132.1-9c-19.6-7.8-34.7-22.9-42.6-42.6-11.7-29.5-9-99.5-9-132.1s-2.6-102.7 9-132.1c7.8-19.6 22.9-34.7 42.6-42.6 29.5-11.7 99.5-9 132.1-9s102.7-2.6 132.1 9c19.6 7.8 34.7 22.9 42.6 42.6 11.7 29.5 9 99.5 9 132.1s2.7 102.7-9 132.1z\"><\/path><\/svg>\t\t\t\t\t<\/a>\n\t\t\t\t<\/span>\n\t\t\t\t\t\t\t<span class=\"elementor-grid-item\">\n\t\t\t\t\t<a class=\"elementor-icon elementor-social-icon elementor-social-icon-globe elementor-repeater-item-6f420ab\" href=\"https:\/\/www.decisivacontabil.com.br\/\" target=\"_blank\">\n\t\t\t\t\t\t<span class=\"elementor-screen-only\">Globe<\/span>\n\t\t\t\t\t\t<svg class=\"e-font-icon-svg e-fas-globe\" viewBox=\"0 0 496 512\" xmlns=\"http:\/\/www.w3.org\/2000\/svg\"><path d=\"M336.5 160C322 70.7 287.8 8 248 8s-74 62.7-88.5 152h177zM152 256c0 22.2 1.2 43.5 3.3 64h185.3c2.1-20.5 3.3-41.8 3.3-64s-1.2-43.5-3.3-64H155.3c-2.1 20.5-3.3 41.8-3.3 64zm324.7-96c-28.6-67.9-86.5-120.4-158-141.6 24.4 33.8 41.2 84.7 50 141.6h108zM177.2 18.4C105.8 39.6 47.8 92.1 19.3 160h108c8.7-56.9 25.5-107.8 49.9-141.6zM487.4 192H372.7c2.1 21 3.3 42.5 3.3 64s-1.2 43-3.3 64h114.6c5.5-20.5 8.6-41.8 8.6-64s-3.1-43.5-8.5-64zM120 256c0-21.5 1.2-43 3.3-64H8.6C3.2 212.5 0 233.8 0 256s3.2 43.5 8.6 64h114.6c-2-21-3.2-42.5-3.2-64zm39.5 96c14.5 89.3 48.7 152 88.5 152s74-62.7 88.5-152h-177zm159.3 141.6c71.4-21.2 129.4-73.7 158-141.6h-108c-8.8 56.9-25.6 107.8-50 141.6zM19.3 352c28.6 67.9 86.5 120.4 158 141.6-24.4-33.8-41.2-84.7-50-141.6h-108z\"><\/path><\/svg>\t\t\t\t\t<\/a>\n\t\t\t\t<\/span>\n\t\t\t\t\t<\/div>\n\t\t\t\t<\/div>\n\t\t\t\t<\/div>\n\t\t\t\t<div class=\"elementor-element elementor-element-6d1ddce2 elementor-widget elementor-widget-heading\" data-id=\"6d1ddce2\" data-element_type=\"widget\" data-widget_type=\"heading.default\">\n\t\t\t\t<div class=\"elementor-widget-container\">\n\t\t\t<h2 class=\"elementor-heading-title elementor-size-default\"><a href=\"https:\/\/www.instagram.com\/metadigitalstar\">Desenvolvido com \u2764 por <b>Meta Digital Star<\/b><\/a><\/h2>\t\t<\/div>\n\t\t\t\t<\/div>\n\t\t\t\t<\/div>\n\t\t<div class=\"elementor-element elementor-element-1ea4d759 e-con-full e-flex e-con e-child\" data-id=\"1ea4d759\" data-element_type=\"container\" data-settings=\"{&quot;content_width&quot;:&quot;full&quot;}\">\n\t\t\t\t<div class=\"elementor-element elementor-element-1ca58443 elementor-widget elementor-widget-html\" data-id=\"1ca58443\" data-element_type=\"widget\" data-widget_type=\"html.default\">\n\t\t\t\t<div class=\"elementor-widget-container\">\n\t\t\t<!DOCTYPE html>\r\n<html lang=\"en\">\r\n<head>\r\n  <meta charset=\"UTF-8\">\r\n  <meta name=\"viewport\" content=\"width=device-width, initial-scale=1.0\">\r\n  <style>\r\n    body {\r\n      margin: 0;\r\n      padding: 0;\r\n    }\r\n\r\n    .whatsapp-button {\r\n      position: fixed;\r\n      bottom: 20px;\r\n      right: 20px;\r\n      background-color: transparent;\r\n      border: none;\r\n      outline: none;\r\n      cursor: pointer;\r\n      z-index: 1000;\r\n    }\r\n\r\n    .whatsapp-circle {\r\n      position: relative;\r\n      border-radius: 50%;\r\n      background-color: rgba(0, 128, 0, 0.5); \/* Cor branca transparente *\/\r\n      width: 60px;\r\n      height: 60px;\r\n      animation: pulse 1.5s infinite;\r\n    }\r\n\r\n    .whatsapp-icon {\r\n      position: absolute;\r\n      top: 50%;\r\n      left: 50%;\r\n      transform: translate(-50%, -50%);\r\n      width: 40px;\r\n      height: 40px;\r\n    }\r\n\r\n    @keyframes pulse {\r\n      0% {\r\n        box-shadow: 0 0 0 0 rgba(0, 128, 0, 0.5), 0 0 0 0 rgba(0, 128, 0, 0.5); \/* Adiciona um efeito de onda sonora *\/\r\n      }\r\n      50% {\r\n        box-shadow: 0 0 20px 10px rgba(0, 128, 0, 0.5), 0 0 0 0 rgba(0, 128, 0, 0.5); \/* Adiciona um efeito de onda sonora *\/\r\n      }\r\n      100% {\r\n        box-shadow: 0 0 0 0 rgba(0, 128, 0, 0.5), 0 0 0 10px rgba(0, 128, 0, 0.5); \/* Adiciona um efeito de onda sonora *\/\r\n      }\r\n    }\r\n  <\/style>\r\n<\/head>\r\n<body>\r\n\r\n  <div class=\"whatsapp-button\" onclick=\"openWhatsApp()\">\r\n    <div class=\"whatsapp-circle\"><\/div>\r\n    <img decoding=\"async\" class=\"whatsapp-icon\" src=\"https:\/\/i.imgur.com\/ryESuZ5.png\" alt=\"WhatsApp\">\r\n  <\/div>\r\n\r\n  <script>\r\n    function openWhatsApp() {\r\n      \/\/ Substitua o link abaixo pelo link do seu n\u00famero no WhatsApp\r\n      window.open('https:\/\/api.whatsapp.com\/send?phone=5511947914563&text=Ol\u00e1!%20Gostaria%20de%20mais%20informa\u00e7\u00f5es%20sobre%20o%20seus%20produtos%20e%20servi\u00e7os', '_blank');\r\n    }\r\n\r\n    \/\/ Adiciona um listener para ajustar a posi\u00e7\u00e3o do bot\u00e3o ao rolar\r\n    window.onscroll = function() {\r\n      positionWhatsAppButton();\r\n    };\r\n\r\n    function positionWhatsAppButton() {\r\n      var button = document.querySelector('.whatsapp-button');\r\n      button.style.bottom = '20px'; \/\/ ajuste conforme necess\u00e1rio\r\n    }\r\n    \r\n    \/\/ Chama a fun\u00e7\u00e3o para posicionar o bot\u00e3o ao carregar a p\u00e1gina\r\n    positionWhatsAppButton();\r\n  <\/script>\r\n\r\n  <!-- Seu c\u00f3digo existente aqui -->\r\n\r\n<\/body>\r\n<\/html>\r\n\r\n\t\t<\/div>\n\t\t\t\t<\/div>\n\t\t\t\t<\/div>\n\t\t\t\t\t<\/div>\n\t\t\t\t<\/div>\n\t\t\t\t\t\t\t<\/div>\n\t\t","protected":false},"excerpt":{"rendered":"<p>Rose Almeida Facebook Youtube Instagram Globe Desenvolvido com \u2764 por Meta Digital Star<\/p>\n","protected":false},"author":1,"featured_media":29,"parent":0,"menu_order":0,"comment_status":"closed","ping_status":"closed","template":"elementor_canvas","meta":{"footnotes":""},"_links":{"self":[{"href":"https:\/\/rose.metadigitalstar.com.br\/index.php\/wp-json\/wp\/v2\/pages\/8"}],"collection":[{"href":"https:\/\/rose.metadigitalstar.com.br\/index.php\/wp-json\/wp\/v2\/pages"}],"about":[{"href":"https:\/\/rose.metadigitalstar.com.br\/index.php\/wp-json\/wp\/v2\/types\/page"}],"author":[{"embeddable":true,"href":"https:\/\/rose.metadigitalstar.com.br\/index.php\/wp-json\/wp\/v2\/users\/1"}],"replies":[{"embeddable":true,"href":"https:\/\/rose.metadigitalstar.com.br\/index.php\/wp-json\/wp\/v2\/comments?post=8"}],"version-history":[{"count":94,"href":"https:\/\/rose.metadigitalstar.com.br\/index.php\/wp-json\/wp\/v2\/pages\/8\/revisions"}],"predecessor-version":[{"id":168,"href":"https:\/\/rose.metadigitalstar.com.br\/index.php\/wp-json\/wp\/v2\/pages\/8\/revisions\/168"}],"wp:featuredmedia":[{"embeddable":true,"href":"https:\/\/rose.metadigitalstar.com.br\/index.php\/wp-json\/wp\/v2\/media\/29"}],"wp:attachment":[{"href":"https:\/\/rose.metadigitalstar.com.br\/index.php\/wp-json\/wp\/v2\/media?parent=8"}],"curies":[{"name":"wp","href":"https:\/\/api.w.org\/{rel}","templated":true}]}}